{"id":299,"date":"2019-05-28T09:07:43","date_gmt":"2019-05-28T09:07:43","guid":{"rendered":"http:\/\/koinonia.be\/?page_id=299"},"modified":"2019-05-30T14:58:29","modified_gmt":"2019-05-30T14:58:29","slug":"testimonies","status":"publish","type":"page","link":"https:\/\/koinonia.be\/en\/bible-school\/testimonies\/","title":{"rendered":"Testimonies"},"content":{"rendered":"\n<p style=\"background-color:#d90000;text-align:center\" class=\"has-text-color has-background has-medium-font-size has-very-light-gray-color\"><strong>Training you to fulfill God&#8217;s purpose<br>OUR MISSION is to equip you for the ministry!<\/strong><\/p>\n\n\n\n<p style=\"color:#d90000\" class=\"has-text-color\"><strong>KATIA VAN DE BROECK<\/strong>&nbsp; <\/p>\n\n\n\n<blockquote class=\"wp-block-quote is-layout-flow wp-block-quote-is-layout-flow\"><p>I&#8217;ve been attending the Zo\u00eb College, a partnership school between Koinonia Ministries and the Johan Maasbach Ministry, for 3 years. I realize that in life there are lessons and LESSONS to learn.&nbsp;What I have received from the Bible school so far, I can only describe it as life&#8217;s deep wisdom and a revelation right from the heart of God.&nbsp; I am committed to cherish it in my heart, to carry it in my mind and to apply it, for the rest of my life. <\/p><p>I found a perfect balance between the Word of God and its application as an equipment for myself and the work of the ministry. Thank you for blessing me. I hope to be able to pass this on to many!<\/p><\/blockquote>\n\n\n\n<p><em>Katia Van de Broeck<br>Project Coordinator &#8211; Koinonia Ministries vzw<\/em><\/p>\n\n\n\n<p style=\"color:#d90000\" class=\"has-text-color\"><strong>PR. MAGUY I. NGOY-BUSANO<\/strong> <\/p>\n\n\n\n<blockquote class=\"wp-block-quote is-layout-flow wp-block-quote-is-layout-flow\"><p>I am Maguy I. Ngoy-Busano. I am married and a mother of 6 children. I stand next to my husband in ministry who is a pastor since 1994 in Holland. We currently serve together with our family at the &#8216;Assemble\u00e9 Evang\u00e9lique pour la R\u00e9conciliation&#8217;.<\/p><p>Because of the call of God in my life, I always knew I needed to obtain more knowledge. In Rotterdam we hosted a Bible school. I was responsible for the accommodation of students who were coming from Belgium and therefore had no possibility to attend classes. But I had a burning desire to attend a theological school. I sought and consulted even universities but it was not possible for me as a mother of six children. <\/p><p>In 2010, God directed me to pastor Eugenia Daskalopoulou, and I discovered Zoe College. It was exactly what I needed to complete what was missing in my ministry. The courses are scheduled for people who have a family and ministry. The teachers are both competent but also spiritual. <\/p><p>Just as it is written in the Bible, in Proverbs 25:25: &#8216;Like cold water to a thirsty soul, so is good news from a far country&#8217;. But Zoe College gave me more than that; knowledge and the skills to proclaim the gospel.<\/p><p>Through Koinonia and Zoe College I saw the fulfillment of God&#8217;s promises in different aspects of my life s.a. my involvement in the mission field. <\/p><p>I am blessing &#8216;Johan Maasbach Ministry&#8217; and Koinonia Ministries for their precious contribution in our ministry. My husband, myself and our children are grateful to you. <\/p><\/blockquote>\n\n\n\n<p><em>Pastor Maguy I. Ngoy-Busano <\/em><\/p>\n","protected":false},"excerpt":{"rendered":"<p>Training you to fulfill God&#8217;s purposeOUR MISSION is to equip you for the ministry! KATIA VAN DE BROECK&nbsp; I&#8217;ve been attending the Zo\u00eb College, a partnership school between Koinonia Ministries and the Johan Maasbach Ministry, for 3 years. I realize that in life there are lessons and LESSONS to learn.&nbsp;What I have received from the [&hellip;]<\/p>\n","protected":false},"author":1,"featured_media":0,"parent":212,"menu_order":0,"comment_status":"closed","ping_status":"closed","template":"","meta":{"_monsterinsights_skip_tracking":false,"_monsterinsights_sitenote_active":false,"_monsterinsights_sitenote_note":"","_monsterinsights_sitenote_category":0,"cybocfi_hide_featured_image":"","footnotes":""},"class_list":["post-299","page","type-page","status-publish","hentry","post"],"translation":{"provider":"WPGlobus","version":"3.0.2","language":"en","enabled_languages":["nl","en"],"languages":{"nl":{"title":true,"content":true,"excerpt":false},"en":{"title":true,"content":true,"excerpt":false}}},"aioseo_notices":[],"jetpack_sharing_enabled":true,"jetpack_shortlink":"https:\/\/wp.me\/PcZ6Z7-4P","jetpack_likes_enabled":true,"_links":{"self":[{"href":"https:\/\/koinonia.be\/en\/wp-json\/wp\/v2\/pages\/299","targetHints":{"allow":["GET"]}}],"collection":[{"href":"https:\/\/koinonia.be\/en\/wp-json\/wp\/v2\/pages"}],"about":[{"href":"https:\/\/koinonia.be\/en\/wp-json\/wp\/v2\/types\/page"}],"author":[{"embeddable":true,"href":"https:\/\/koinonia.be\/en\/wp-json\/wp\/v2\/users\/1"}],"replies":[{"embeddable":true,"href":"https:\/\/koinonia.be\/en\/wp-json\/wp\/v2\/comments?post=299"}],"version-history":[{"count":14,"href":"https:\/\/koinonia.be\/en\/wp-json\/wp\/v2\/pages\/299\/revisions"}],"predecessor-version":[{"id":499,"href":"https:\/\/koinonia.be\/en\/wp-json\/wp\/v2\/pages\/299\/revisions\/499"}],"up":[{"embeddable":true,"href":"https:\/\/koinonia.be\/en\/wp-json\/wp\/v2\/pages\/212"}],"wp:attachment":[{"href":"https:\/\/koinonia.be\/en\/wp-json\/wp\/v2\/media?parent=299"}],"curies":[{"name":"wp","href":"https:\/\/api.w.org\/{rel}","templated":true}]}}